{"id":47009,"date":"2017-10-20T12:14:28","date_gmt":"2017-10-20T12:14:28","guid":{"rendered":"http:\/\/jump.eu.com\/jup\/?page_id=47009"},"modified":"2018-10-29T14:52:34","modified_gmt":"2018-10-29T14:52:34","slug":"business-woman-afterwork","status":"publish","type":"page","link":"http:\/\/jump.eu.com\/jup\/business-woman-afterwork\/","title":{"rendered":"Business Woman Afterwork"},"content":{"rendered":"<div class=\"article__item__inner\"><img decoding=\"async\" class=\"aligncenter wp-image-50038 size-full\" src=\"http:\/\/jump.eu.com\/jup\/wp-content\/uploads\/2018\/10\/Viage_2211.jpg\" alt=\"\" width=\"100%\" srcset=\"http:\/\/jump.eu.com\/jup\/wp-content\/uploads\/2018\/10\/Viage_2211.jpg 1800w, http:\/\/jump.eu.com\/jup\/wp-content\/uploads\/2018\/10\/Viage_2211-300x111.jpg 300w, http:\/\/jump.eu.com\/jup\/wp-content\/uploads\/2018\/10\/Viage_2211-768x285.jpg 768w, http:\/\/jump.eu.com\/jup\/wp-content\/uploads\/2018\/10\/Viage_2211-1024x379.jpg 1024w\" sizes=\"(max-width: 1800px) 100vw, 1800px\" \/><br \/>\n<center><\/center><\/div>\n<div style=\"margin-top: 3rem; margin-bottom: 3rem;\">\n<p>Apr\u00e8s le succ\u00e8s des derni\u00e8res \u00e9ditions des <strong>BUSINESS WOMAN AFTERWORK<\/strong>, <strong>VIAGE<\/strong>\u00a0organise deux nouveaux rendez-vous cet automne.<br \/>\nViage a le plaisir d\u2019accueillir <strong>JUMP<\/strong> et sa fondatrice, <strong>Isabella Lenarduzzi<\/strong>, pour vous proposer des conf\u00e9rences sur des sujets qui parlent \u00e0 toutes les femmes actives !<br \/>\nLes femmes d\u2019aujourd\u2019hui combinent travail, famille, loisirs, \u2026 et souvent m\u00eame plusieurs casquettes qui font de chacune d\u2019entre elles des femmes <strong>EXCEPTIONNELLES<\/strong>.<br \/>\nPour leur rendre hommage, Viage organise deux soir\u00e9es \u00ab entre filles \u00bb pour se faire du bien.<\/p>\n<\/div>\n","protected":false},"excerpt":{"rendered":"<p>Apr\u00e8s le succ\u00e8s des derni\u00e8res \u00e9ditions des BUSINESS WOMAN AFTERWORK, VIAGE\u00a0organise deux nouveaux rendez-vous cet automne. Viage a le plaisir d\u2019accueillir JUMP et sa fondatrice, Isabella Lenarduzzi, pour vous proposer des conf\u00e9rences sur des sujets qui parlent \u00e0 toutes les femmes actives ! Les femmes d\u2019aujourd\u2019hui combinent travail, famille, loisirs, \u2026 et souvent m\u00eame plusieurs [&hellip;]<\/p>\n","protected":false},"author":4,"featured_media":0,"parent":0,"menu_order":35,"comment_status":"closed","ping_status":"closed","template":"page-templates\/tpl-academy-workshopregister.php","meta":{"_exactmetrics_skip_tracking":false,"_exactmetrics_sitenote_active":false,"_exactmetrics_sitenote_note":"","_exactmetrics_sitenote_category":0},"yst_prominent_words":[],"_links":{"self":[{"href":"http:\/\/jump.eu.com\/jup\/wp-json\/wp\/v2\/pages\/47009"}],"collection":[{"href":"http:\/\/jump.eu.com\/jup\/wp-json\/wp\/v2\/pages"}],"about":[{"href":"http:\/\/jump.eu.com\/jup\/wp-json\/wp\/v2\/types\/page"}],"author":[{"embeddable":true,"href":"http:\/\/jump.eu.com\/jup\/wp-json\/wp\/v2\/users\/4"}],"replies":[{"embeddable":true,"href":"http:\/\/jump.eu.com\/jup\/wp-json\/wp\/v2\/comments?post=47009"}],"version-history":[{"count":24,"href":"http:\/\/jump.eu.com\/jup\/wp-json\/wp\/v2\/pages\/47009\/revisions"}],"predecessor-version":[{"id":50039,"href":"http:\/\/jump.eu.com\/jup\/wp-json\/wp\/v2\/pages\/47009\/revisions\/50039"}],"wp:attachment":[{"href":"http:\/\/jump.eu.com\/jup\/wp-json\/wp\/v2\/media?parent=47009"}],"wp:term":[{"taxonomy":"yst_prominent_words","embeddable":true,"href":"http:\/\/jump.eu.com\/jup\/wp-json\/wp\/v2\/yst_prominent_words?post=47009"}],"curies":[{"name":"wp","href":"https:\/\/api.w.org\/{rel}","templated":true}]}}