{"id":54204,"date":"2022-04-27T13:33:00","date_gmt":"2022-04-27T13:33:00","guid":{"rendered":"http:\/\/jump.eu.com\/jup\/?page_id=54204"},"modified":"2023-06-26T21:22:19","modified_gmt":"2023-06-26T21:22:19","slug":"academy-ecoles","status":"publish","type":"page","link":"http:\/\/jump.eu.com\/jup\/academy-ecoles\/","title":{"rendered":"Lib\u00e9rez votre \u00e9cole du sexisme"},"content":{"rendered":"<h1 style=\"text-align: center;\">Comment lutter contre les st\u00e9r\u00e9otypes de genre<br \/>\net favoriser la mixit\u00e9 des m\u00e9tiers dits masculins ?<\/h1>\n<h4 style=\"text-align: center;\"><strong>FORMATIONS GRATUITES<\/strong><\/h4>\n<h3 style=\"text-align: center;\"><span style=\"color: #000000;\">Pour enseignant.es et responsables<\/span><\/h3>\n<p style=\"text-align: center;\"><img decoding=\"async\" loading=\"lazy\" class=\"aligncenter wp-image-54319 size-full\" src=\"http:\/\/jump.eu.com\/jup\/wp-content\/uploads\/2022\/05\/Twitter-post-Formation-.png\" alt=\"\" width=\"767\" height=\"384\" srcset=\"http:\/\/jump.eu.com\/jup\/wp-content\/uploads\/2022\/05\/Twitter-post-Formation-.png 1024w, http:\/\/jump.eu.com\/jup\/wp-content\/uploads\/2022\/05\/Twitter-post-Formation--300x150.png 300w, http:\/\/jump.eu.com\/jup\/wp-content\/uploads\/2022\/05\/Twitter-post-Formation--768x384.png 768w\" sizes=\"(max-width: 767px) 100vw, 767px\" \/><\/p>\n<h4 style=\"text-align: center;\"><strong>Objectifs de la formation<\/strong><\/h4>\n<p style=\"text-align: center;\"><strong>80% des m\u00e9tiers sont non-mixtes (entre 40 et 60% de chaque sexe).<br \/>\n<\/strong><strong>Ils sont presque tous en p\u00e9nurie.<br \/>\n<\/strong><strong>Une des raisons qui emp\u00eachent les \u00e9tudiantes de se lancer dans des formations dites<\/strong><br \/>\n<strong>\u00ab masculines \u00bb est l\u2019ambiance misogyne ou sexiste qu\u2019elles craignent d\u2019y rencontrer.<br \/>\n<\/strong><strong>C\u2019est pourquoi, il est essentiel de former les enseignant.es \u00e0 transmettre les valeurs<\/strong><br \/>\n<strong>d\u2019\u00e9galit\u00e9 \u00e0 leurs \u00e9l\u00e8ves masculins pour qu\u2019ils int\u00e8grent les nouvelles valeurs d\u2019\u00e9galit\u00e9.<\/strong><\/p>\n<p style=\"text-align: center;\">Gr\u00e2ce au soutien de la F\u00e9d\u00e9ration Wallonie Bruxelles.<\/p>\n<h2 style=\"text-align: center;\"><strong>JUMP vous offre une session de formation gratuitement<\/strong><\/h2>\n<h4 style=\"text-align: center;\"><strong>Cette formation est ouverte aux enseignant\u00b7es et responsables de l\u2019enseignement secondaire ou sup\u00e9rieur,<br \/>\ndans les fili\u00e8res ou les femmes sont sous-repr\u00e9sent\u00e9es.<\/strong><\/h4>\n<h2 style=\"text-align: center;\">Organisez la formation dans votre \u00e9tablissement<\/h2>\n<h4 style=\"text-align: center;\">Atelier interactif et pratique de 4h pour 20 personnes maximum,<br \/>\n\u00e0 Bruxelles et en Wallonie \u00e0 programmer \u00e0 partir de mai 2022.<\/h4>\n<p>&nbsp;<\/p>\n<h2 style=\"text-align: center;\"><a href=\"mailto:stephanie.tinel@jump.eu.com?subject=demande%20de%20formation%20Enseignement%20Sexisme\"><span style=\"color: #ff00ff;\"><span style=\"color: #eb008b; padding: 10px; border: 2px solid #eb008b; background: #eb008b;\"><span style=\"color: #ffffff;\">CONTACTEZ-NOUS POUR FIXER UNE DATE<\/span><\/span><\/span><\/a><\/h2>\n<p style=\"text-align: center;\"><img decoding=\"async\" loading=\"lazy\" class=\"aligncenter size-thumbnail wp-image-54249\" src=\"http:\/\/jump.eu.com\/jup\/wp-content\/uploads\/2022\/04\/touchscreen-150x150.png\" alt=\"\" width=\"50\" height=\"50\" srcset=\"http:\/\/jump.eu.com\/jup\/wp-content\/uploads\/2022\/04\/touchscreen-150x150.png 150w, http:\/\/jump.eu.com\/jup\/wp-content\/uploads\/2022\/04\/touchscreen-300x300.png 300w, http:\/\/jump.eu.com\/jup\/wp-content\/uploads\/2022\/04\/touchscreen-500x512.png 500w, http:\/\/jump.eu.com\/jup\/wp-content\/uploads\/2022\/04\/touchscreen.png 512w\" sizes=\"(max-width: 50px) 100vw, 50px\" \/><\/p>\n<p style=\"text-align: center;\">Le nombre de formations disponibles gratuitement est limit\u00e9.<\/p>\n<h2 style=\"text-align: center;\">CONTENU DE LA FORMATION (4h)<\/h2>\n<h4 style=\"text-align: center;\">Comment lutter contre l\u2019impact des st\u00e9r\u00e9otypes sexistes et contre les comportements inacceptables,<br \/>\nobstacles les plus importants pour la mixit\u00e9 des m\u00e9tiers ?<\/h4>\n<h4 style=\"text-align: center;\"><span style=\"color: #eb008b;\"><strong>Cl\u00e9s <\/strong><strong>et <\/strong><strong>outils <\/strong><\/span><strong>afin de d\u00e9construire les st\u00e9r\u00e9otypes et emp\u00eacher toute discrimination<br \/>\npour b\u00e2tir un environnement professionnel inclusif et d\u00e9nu\u00e9 de tout sexisme.<\/strong><\/h4>\n<h2 style=\"text-align: center;\">Comprendre les concepts<\/h2>\n<p style=\"text-align: center;\"><strong>Egalit\u00e9, \u00e9quit\u00e9, diversit\u00e9 &amp; inclusion<br \/>\n<\/strong>D\u00e9finitions, diff\u00e9rences<br \/>\n<strong>Sexisme :<\/strong> comment \u00e7a marche ? Comment on s\u2019en d\u00e9barrasse ?<\/p>\n<h2 style=\"text-align: center;\">Conna\u00eetre la loi<\/h2>\n<p style=\"text-align: center;\"><strong>Tout n\u2019est plus permis<\/strong>.<br \/>\nCe que disent les textes : sexisme, harc\u00e8lement, attentat \u00e0 la pudeur.<\/p>\n<h2 style=\"text-align: center;\">Comprendre le ph\u00e9nom\u00e8ne<\/h2>\n<p style=\"text-align: center;\">S\u00e9gr\u00e9gation professionnelle horizontale, injonctions de genre, st\u00e9r\u00e9otypes.<br \/>\nQuelle est l\u2019origine du ph\u00e9nom\u00e8ne ? Pourquoi nous devons en sortir ?\u00a0 Et surtout : comment ?<\/p>\n<h2 style=\"text-align: center;\">Pourquoi est-ce important aussi pour les hommes ?<\/h2>\n<p style=\"text-align: center;\">Micro-agressions, sexisme au quotidien, les comportements qui ne sont plus accept\u00e9s :<br \/>\nce que les hommes doivent comprendre pour survivre dans un monde plus inclusif.<\/p>\n<h2 style=\"text-align: center;\">D\u00e9couvrir les cl\u00e9s et outils<\/h2>\n<p style=\"text-align: center;\"><strong>En tant qu\u2019enseignant.e<br \/>\n<\/strong>Votre r\u00f4le et votre responsabilit\u00e9.<br \/>\nComment former ? Comment intervenir ?<\/p>\n<h2 style=\"text-align: center;\">Comment construire votre charte de valeurs et de comportements.<\/h2>\n<p>&nbsp;<\/p>\n<h2 style=\"text-align: center;\"><a href=\"http:\/\/jump.eu.com\/jup\/wp-content\/uploads\/2022\/05\/Fiche-dinformations-formation-mixite\u0301-des-me\u0301tiers-sexisme_CFWB.pdf\"><span style=\"color: #ff00ff;\"><span style=\"color: #eb008b; padding: 10px; border: 2px solid #eb008b; background: #eb008b;\"><span style=\"color: #ffffff;\">T\u00e9l\u00e9charger le PDF<\/span><\/span><\/span><\/a><\/h2>\n<p style=\"text-align: center;\"><img decoding=\"async\" loading=\"lazy\" class=\"aligncenter size-thumbnail wp-image-54249\" src=\"http:\/\/jump.eu.com\/jup\/wp-content\/uploads\/2022\/04\/touchscreen-150x150.png\" alt=\"\" width=\"50\" height=\"50\" srcset=\"http:\/\/jump.eu.com\/jup\/wp-content\/uploads\/2022\/04\/touchscreen-150x150.png 150w, http:\/\/jump.eu.com\/jup\/wp-content\/uploads\/2022\/04\/touchscreen-300x300.png 300w, http:\/\/jump.eu.com\/jup\/wp-content\/uploads\/2022\/04\/touchscreen-500x512.png 500w, http:\/\/jump.eu.com\/jup\/wp-content\/uploads\/2022\/04\/touchscreen.png 512w\" sizes=\"(max-width: 50px) 100vw, 50px\" \/><\/p>\n<p>&nbsp;<\/p>\n<p style=\"text-align: center;\"><img decoding=\"async\" loading=\"lazy\" class=\"aligncenter wp-image-54273 size-full\" src=\"http:\/\/jump.eu.com\/jup\/wp-content\/uploads\/2022\/04\/Image2.png\" alt=\"\" width=\"604\" height=\"311\" srcset=\"http:\/\/jump.eu.com\/jup\/wp-content\/uploads\/2022\/04\/Image2.png 604w, http:\/\/jump.eu.com\/jup\/wp-content\/uploads\/2022\/04\/Image2-300x154.png 300w\" sizes=\"(max-width: 604px) 100vw, 604px\" \/><\/p>\n<h1 style=\"text-align: center;\">Les formations seront donn\u00e9es par <strong>Patric Jean<\/strong><\/h1>\n<p style=\"text-align: center;\"><img decoding=\"async\" loading=\"lazy\" class=\"aligncenter size-medium wp-image-54040\" src=\"http:\/\/jump.eu.com\/jup\/wp-content\/uploads\/2021\/10\/Patrick-300x287.jpg\" alt=\"\" width=\"300\" height=\"287\" srcset=\"http:\/\/jump.eu.com\/jup\/wp-content\/uploads\/2021\/10\/Patrick-300x287.jpg 300w, http:\/\/jump.eu.com\/jup\/wp-content\/uploads\/2021\/10\/Patrick.jpg 692w\" sizes=\"(max-width: 300px) 100vw, 300px\" \/><\/p>\n<p style=\"text-align: center;\">Philologue de formation, il est auteur et <a href=\"http:\/\/www.patricjean.com\/\">r\u00e9alisateur<\/a>\u00a0: \u00ab La domination masculine \u00bb,<br \/>\n\u00ab La Raison du plus fort \u00bb, \u00ab Le monde parfait \u00bb et r\u00e9cemment <a href=\"https:\/\/patricjean.com\/2021\/11\/16\/la-mesure-des-choses\/\">\u00ab La Mesure des Choses \u00bb<\/a><\/p>\n<p style=\"text-align: center;\">Il a \u00e9crit <a href=\"https:\/\/wordpress.com\/post\/patricjean.com\/407\">trois ouvrages<\/a> sur les relations de genre (\u00ab Pas client \u00bb, \u00ab Les hommes veulent-ils l\u2019\u00e9galit\u00e9 ? \u00bb (Belin)<br \/>\net \u00ab La loi des p\u00e8res \u00bb (Le Rocher)) et intervient comme conf\u00e9rencier et expert avec <a href=\"http:\/\/jump.eu.com\/jup\/\">JUMP<\/a>.<\/p>\n<p>&nbsp;<\/p>\n<h4 style=\"text-align: center;\">T\u00e9l\u00e9chargez les outils gratuits contre le sexisme et pour l\u2019inclusion de <span style=\"color: #eb008b;\"><a style=\"color: #eb008b;\" href=\"http:\/\/jump.eu.com\/jup\/about-us\/mission\/\">JUMP<\/a>\u00a0:<\/span><\/h4>\n<h1 style=\"text-align: center;\"><a href=\"http:\/\/jump.eu.com\/jup\/resources\/sexism\/\" target=\"_blank\" rel=\"noopener\"><span style=\"color: #eb008b;\"><strong>Guide, affiche, \u00e9tude, vid\u00e9os de r\u00e9partie<\/strong><\/span><\/a><\/h1>\n<p style=\"text-align: center;\"><a href=\"http:\/\/jump.eu.com\/jup\/studies\/\" target=\"_blank\" rel=\"noopener\"><img decoding=\"async\" loading=\"lazy\" class=\"aligncenter wp-image-54315 \" src=\"http:\/\/jump.eu.com\/jup\/wp-content\/uploads\/2022\/05\/A.jpg\" alt=\"\" width=\"333\" height=\"500\" srcset=\"http:\/\/jump.eu.com\/jup\/wp-content\/uploads\/2022\/05\/A.jpg 489w, http:\/\/jump.eu.com\/jup\/wp-content\/uploads\/2022\/05\/A-200x300.jpg 200w\" sizes=\"(max-width: 333px) 100vw, 333px\" \/><\/a><a href=\"http:\/\/jump.eu.com\/jup\/resources\/sexism\/\" target=\"_blank\" rel=\"noopener\"><img decoding=\"async\" loading=\"lazy\" class=\"aligncenter wp-image-54314 \" src=\"http:\/\/jump.eu.com\/jup\/wp-content\/uploads\/2022\/05\/B.jpg\" alt=\"\" width=\"333\" height=\"500\" srcset=\"http:\/\/jump.eu.com\/jup\/wp-content\/uploads\/2022\/05\/B.jpg 489w, http:\/\/jump.eu.com\/jup\/wp-content\/uploads\/2022\/05\/B-200x300.jpg 200w\" sizes=\"(max-width: 333px) 100vw, 333px\" \/><\/a><\/p>\n<p>&nbsp;<\/p>\n<h2 style=\"text-align: center;\">Ces formations vous sont offertes<br \/>\navec le soutien de la F\u00e9d\u00e9ration Wallonie Bruxelles<\/h2>\n<p style=\"text-align: center;\"><img decoding=\"async\" loading=\"lazy\" class=\"aligncenter wp-image-54284\" src=\"http:\/\/jump.eu.com\/jup\/wp-content\/uploads\/2022\/04\/capture_20220427165912682-415x280.jpg\" alt=\"\" width=\"200\" height=\"166\" srcset=\"http:\/\/jump.eu.com\/jup\/wp-content\/uploads\/2022\/04\/capture_20220427165912682-300x249.jpg 300w, http:\/\/jump.eu.com\/jup\/wp-content\/uploads\/2022\/04\/capture_20220427165912682.jpg 415w\" sizes=\"(max-width: 200px) 100vw, 200px\" \/><\/p>\n","protected":false},"excerpt":{"rendered":"<p>Comment lutter contre les st\u00e9r\u00e9otypes de genre et favoriser la mixit\u00e9 des m\u00e9tiers dits masculins ? FORMATIONS GRATUITES Pour enseignant.es et responsables Objectifs de la formation 80% des m\u00e9tiers sont non-mixtes (entre 40 et 60% de chaque sexe). Ils sont presque tous en p\u00e9nurie. Une des raisons qui emp\u00eachent les \u00e9tudiantes de se lancer dans [&hellip;]<\/p>\n","protected":false},"author":4,"featured_media":0,"parent":0,"menu_order":5,"comment_status":"closed","ping_status":"closed","template":"page-templates\/tpl-event-enseignement.php","meta":{"_exactmetrics_skip_tracking":false,"_exactmetrics_sitenote_active":false,"_exactmetrics_sitenote_note":"","_exactmetrics_sitenote_category":0},"yst_prominent_words":[4314,4281,301,495,4311,4306,4297,2479,3837,4313,4312,4307,2374,4308,4288,694,4309,4310,4305,4296],"_links":{"self":[{"href":"http:\/\/jump.eu.com\/jup\/wp-json\/wp\/v2\/pages\/54204"}],"collection":[{"href":"http:\/\/jump.eu.com\/jup\/wp-json\/wp\/v2\/pages"}],"about":[{"href":"http:\/\/jump.eu.com\/jup\/wp-json\/wp\/v2\/types\/page"}],"author":[{"embeddable":true,"href":"http:\/\/jump.eu.com\/jup\/wp-json\/wp\/v2\/users\/4"}],"replies":[{"embeddable":true,"href":"http:\/\/jump.eu.com\/jup\/wp-json\/wp\/v2\/comments?post=54204"}],"version-history":[{"count":99,"href":"http:\/\/jump.eu.com\/jup\/wp-json\/wp\/v2\/pages\/54204\/revisions"}],"predecessor-version":[{"id":54488,"href":"http:\/\/jump.eu.com\/jup\/wp-json\/wp\/v2\/pages\/54204\/revisions\/54488"}],"wp:attachment":[{"href":"http:\/\/jump.eu.com\/jup\/wp-json\/wp\/v2\/media?parent=54204"}],"wp:term":[{"taxonomy":"yst_prominent_words","embeddable":true,"href":"http:\/\/jump.eu.com\/jup\/wp-json\/wp\/v2\/yst_prominent_words?post=54204"}],"curies":[{"name":"wp","href":"https:\/\/api.w.org\/{rel}","templated":true}]}}